{"id":12,"date":"2015-11-12T17:50:19","date_gmt":"2015-11-12T16:50:19","guid":{"rendered":"http:\/\/radonyi.hu\/autoszerviz\/?page_id=12"},"modified":"2015-11-12T17:54:14","modified_gmt":"2015-11-12T16:54:14","slug":"szolgaltatasok","status":"publish","type":"page","link":"http:\/\/radonyi.hu\/autoszerviz\/szolgaltatasok\/","title":{"rendered":"Szolg\u00e1ltat\u00e1sok"},"content":{"rendered":"<p>A R\u00e1donyi \u00e9s T\u00e1rsa Kft. v\u00e1llaja g\u00e9pj\u00e1rm\u0171vek eredetis\u00e9gvizsg\u00e1lat\u00e1t, m\u0171szaki vizsg\u00e1ra felk\u00e9sz\u00edt\u00e9s\u00e9t, m\u0171szaki vizsg\u00e1ztat\u00e1st, k\u00f6rnyezetv\u00e9delmi igazol\u00f3lap (z\u00f6ldk\u00e1rtya) k\u00e9sz\u00edt\u00e9s\u00e9t benzines \u00e9s d\u00edzel j\u00e1rm\u0171vekre egyar\u00e1nt.<\/p>\n<p>Ezen k\u00edv\u00fcl teljes k\u00f6r\u0171 szerviz b\u00e1rmilyen t\u00edpus\u00fa szem\u00e9lyg\u00e9pkocsira \u00e9s kisteheraut\u00f3ra.<\/p>\n<h2>A R\u00e1donyi \u00e9s T\u00e1rsa Kft. az al\u00e1bbi szolg\u00e1ltat\u00e1sokkal v\u00e1rja \u00fcgyfeleit<\/h2>\n<ul>\n<li>Garancia ut\u00e1ni teljes k\u00f6r\u0171 aut\u00f3jav\u00edt\u00e1s<\/li>\n<li>M\u0171szaki vizsg\u00e1ra felk\u00e9sz\u00edt\u00e9s, vizsg\u00e1ztat\u00e1s<\/li>\n<li>Hibat\u00e1rol\u00f3k kiolvas\u00e1sa, t\u00f6rl\u00e9se (ABS, L\u00e9gzs\u00e1k stb.)<\/li>\n<li>Z\u00f6ldk\u00e1rtya (benzin, d\u00edzel)<\/li>\n<li>K\u00e9zi aut\u00f3mos\u00e1s, aut\u00f3kozmetika<\/li>\n<li>Gumiabroncs-\u00e9rt\u00e9kes\u00edt\u00e9s, -szerel\u00e9s, centr\u00edroz\u00e1s<\/li>\n<li>Total ken\u0151anyagok forgalmaz\u00e1sa<\/li>\n<li>Z\u00f6ldk\u00e1rtya k\u00e9sz\u00edt\u00e9s (d\u00edzel \u00e9s benzines)<\/li>\n<li>Karbur\u00e1tor, injektor jav\u00edt\u00e1s, tiszt\u00edt\u00e1s \u00e9s be\u00e1ll\u00edt\u00e1s<\/li>\n<li>Motor diagnosztika: motorfel\u00faj\u00edt\u00e1s, hengerfej fel\u00faj\u00edt\u00e1s<\/li>\n<li>Er\u0151\u00e1tviteli szerv\u00edz: kuplungjav\u00edt\u00e1s, csere<\/li>\n<li>Fut\u00f3mujav\u00edt\u00e1s: g\u00f6mbcsukl\u00f3k, szilentek, leng\u00e9scsillap\u00edt\u00f3k cser\u00e9je<\/li>\n<li>F\u00e9kjav\u00edt\u00e1s, fel\u00faj\u00edt\u00e1s<\/li>\n<li>Egy\u00e9b kis \u00e9s nagyjav\u00edt\u00e1sok, aut\u00f3flott\u00e1k jav\u00edt\u00e1sa (kedvezm\u00e9nyek m\u00e9rt\u00e9ke miatt keressen meg!)<\/li>\n<li>M\u0171szaki vizsg\u00e1ra felk\u00e9sz\u00edt\u00e9s \u00e9s vizsg\u00e1ztat\u00e1s<\/li>\n<li>Sz\u00e1m\u00edt\u00f3g\u00e9pes k\u00f3dolvas\u00e1s<\/li>\n<li>Olaj gyorsszerv\u00edz, olajcsere<\/li>\n<li>Motorolajok \u00e9s ken\u0151anyagok forgalmaz\u00e1sa<\/li>\n<\/ul>\n","protected":false},"excerpt":{"rendered":"<p>A R\u00e1donyi \u00e9s T\u00e1rsa Kft. v\u00e1llaja g\u00e9pj\u00e1rm\u0171vek eredetis\u00e9gvizsg\u00e1lat\u00e1t, m\u0171szaki vizsg\u00e1ra felk\u00e9sz\u00edt\u00e9s\u00e9t, m\u0171szaki vizsg\u00e1ztat\u00e1st, k\u00f6rnyezetv\u00e9delmi igazol\u00f3lap (z\u00f6ldk\u00e1rtya) k\u00e9sz\u00edt\u00e9s\u00e9t benzines \u00e9s d\u00edzel j\u00e1rm\u0171vekre egyar\u00e1nt. Ezen k\u00edv\u00fcl teljes k\u00f6r\u0171 szerviz b\u00e1rmilyen t\u00edpus\u00fa szem\u00e9lyg\u00e9pkocsira \u00e9s kisteheraut\u00f3ra. A R\u00e1donyi \u00e9s T\u00e1rsa Kft. az al\u00e1bbi szolg\u00e1ltat\u00e1sokkal v\u00e1rja \u00fcgyfeleit Garancia ut\u00e1ni teljes k\u00f6r\u0171 aut\u00f3jav\u00edt\u00e1s M\u0171szaki vizsg\u00e1ra felk\u00e9sz\u00edt\u00e9s, vizsg\u00e1ztat\u00e1s Hibat\u00e1rol\u00f3k kiolvas\u00e1sa, t\u00f6rl\u00e9se (ABS, [&hellip;]<\/p>\n","protected":false},"author":1,"featured_media":13,"parent":0,"menu_order":0,"comment_status":"closed","ping_status":"closed","template":"","meta":[],"_links":{"self":[{"href":"http:\/\/radonyi.hu\/autoszerviz\/wp-json\/wp\/v2\/pages\/12"}],"collection":[{"href":"http:\/\/radonyi.hu\/autoszerviz\/wp-json\/wp\/v2\/pages"}],"about":[{"href":"http:\/\/radonyi.hu\/autoszerviz\/wp-json\/wp\/v2\/types\/page"}],"author":[{"embeddable":true,"href":"http:\/\/radonyi.hu\/autoszerviz\/wp-json\/wp\/v2\/users\/1"}],"replies":[{"embeddable":true,"href":"http:\/\/radonyi.hu\/autoszerviz\/wp-json\/wp\/v2\/comments?post=12"}],"version-history":[{"count":1,"href":"http:\/\/radonyi.hu\/autoszerviz\/wp-json\/wp\/v2\/pages\/12\/revisions"}],"predecessor-version":[{"id":14,"href":"http:\/\/radonyi.hu\/autoszerviz\/wp-json\/wp\/v2\/pages\/12\/revisions\/14"}],"wp:featuredmedia":[{"embeddable":true,"href":"http:\/\/radonyi.hu\/autoszerviz\/wp-json\/wp\/v2\/media\/13"}],"wp:attachment":[{"href":"http:\/\/radonyi.hu\/autoszerviz\/wp-json\/wp\/v2\/media?parent=12"}],"curies":[{"name":"wp","href":"https:\/\/api.w.org\/{rel}","templated":true}]}}